{"id":24,"date":"2023-04-21T12:35:02","date_gmt":"2023-04-21T10:35:02","guid":{"rendered":"https:\/\/lescarnets.org\/st2s2\/?page_id=24"},"modified":"2023-05-28T13:11:22","modified_gmt":"2023-05-28T11:11:22","slug":"accueil","status":"publish","type":"page","link":"https:\/\/lescarnets.org\/st2s2\/","title":{"rendered":"Accueil"},"content":{"rendered":"\n<p>Ce blog regroupe les supports de cours que j&rsquo;utilise avec mes \u00e9l\u00e8ves et mes \u00e9tudiant.e.s .<br>J&rsquo;enseigne en ST2S, BTS SP3S et DTS IMRT. Tous les supports sont en licence creative commons<\/p>\n\n\n\n<p><\/p>\n\n\n\n\n\n<p><\/p>\n\n\n\n<figure class=\"wp-block-gallery has-nested-images columns-default is-cropped wp-block-gallery-1 is-layout-flex wp-block-gallery-is-layout-flex\">\n<figure class=\"wp-block-image size-large\"><img loading=\"lazy\" decoding=\"async\" width=\"768\" height=\"1024\" data-id=\"43\" src=\"https:\/\/lescarnets.org\/st2s2\/wp-content\/uploads\/2023\/05\/IMG_20220605_153220-768x1024.jpg\" alt=\"\" class=\"wp-image-43\" srcset=\"https:\/\/lescarnets.org\/st2s2\/wp-content\/uploads\/2023\/05\/IMG_20220605_153220-768x1024.jpg 768w, https:\/\/lescarnets.org\/st2s2\/wp-content\/uploads\/2023\/05\/IMG_20220605_153220-225x300.jpg 225w, https:\/\/lescarnets.org\/st2s2\/wp-content\/uploads\/2023\/05\/IMG_20220605_153220-1152x1536.jpg 1152w, https:\/\/lescarnets.org\/st2s2\/wp-content\/uploads\/2023\/05\/IMG_20220605_153220-1536x2048.jpg 1536w, https:\/\/lescarnets.org\/st2s2\/wp-content\/uploads\/2023\/05\/IMG_20220605_153220-scaled.jpg 1920w\" sizes=\"auto, (max-width: 706px) 89vw, (max-width: 767px) 82vw, 740px\" \/><\/figure>\n<\/figure>\n","protected":false},"excerpt":{"rendered":"<p>Ce blog regroupe les supports de cours que j&rsquo;utilise avec mes \u00e9l\u00e8ves et mes \u00e9tudiant.e.s .J&rsquo;enseigne en ST2S, BTS SP3S et DTS IMRT. Tous les supports sont en licence creative commons<\/p>\n","protected":false},"author":1,"featured_media":0,"parent":0,"menu_order":0,"comment_status":"closed","ping_status":"closed","template":"","meta":{"footnotes":""},"class_list":["post-24","page","type-page","status-publish","hentry"],"_links":{"self":[{"href":"https:\/\/lescarnets.org\/st2s2\/wp-json\/wp\/v2\/pages\/24","targetHints":{"allow":["GET"]}}],"collection":[{"href":"https:\/\/lescarnets.org\/st2s2\/wp-json\/wp\/v2\/pages"}],"about":[{"href":"https:\/\/lescarnets.org\/st2s2\/wp-json\/wp\/v2\/types\/page"}],"author":[{"embeddable":true,"href":"https:\/\/lescarnets.org\/st2s2\/wp-json\/wp\/v2\/users\/1"}],"replies":[{"embeddable":true,"href":"https:\/\/lescarnets.org\/st2s2\/wp-json\/wp\/v2\/comments?post=24"}],"version-history":[{"count":6,"href":"https:\/\/lescarnets.org\/st2s2\/wp-json\/wp\/v2\/pages\/24\/revisions"}],"predecessor-version":[{"id":44,"href":"https:\/\/lescarnets.org\/st2s2\/wp-json\/wp\/v2\/pages\/24\/revisions\/44"}],"wp:attachment":[{"href":"https:\/\/lescarnets.org\/st2s2\/wp-json\/wp\/v2\/media?parent=24"}],"curies":[{"name":"wp","href":"https:\/\/api.w.org\/{rel}","templated":true}]}}